{"id":210993,"date":"2023-10-16T19:17:22","date_gmt":"2023-10-16T19:17:22","guid":{"rendered":"https:\/\/www.drbrutus.com\/?post_type=product&#038;p=210993"},"modified":"2026-01-14T15:50:20","modified_gmt":"2026-01-14T15:50:20","slug":"secrets-et-mensonges-de-la-salle-doperation","status":"publish","type":"product","link":"https:\/\/www.drbrutus.com\/fr\/produit\/secrets-et-mensonges-de-la-salle-doperation\/","title":{"rendered":"Secrets et mensonges de la salle d&#8217;op\u00e9ration"},"content":{"rendered":"<p>Sur un ton l\u00e9ger et sous forme de questions-r\u00e9ponses, le Dr Brutus tire le rideau et partage des histoires personnelles et poignantes, de l&#8217;humour et des anecdotes, ainsi que des conseils pour les patients et les chirurgiens sur la fa\u00e7on de se rapprocher les uns des autres, non pas comme la prochaine op\u00e9ration, mais comme des \u00eatres humains \u00e0 part enti\u00e8re.<\/p>\n<ul>\n<li>\u00c0 quelle fr\u00e9quence les patients se r\u00e9veillent-ils pendant l&#8217;op\u00e9ration?<\/li>\n<li>Que se passe-t-il si un chirurgien est victime d&#8217;une crise cardiaque au cours d&#8217;une longue intervention chirurgicale?<\/li>\n<li>Les chirurgiens sont-ils vraiment les descendants des anciens barbiers?<\/li>\n<li>Les chirurgiens et les infirmi\u00e8res ont-ils autant de relations sexuelles que dans Grey&#8217;s Anatomy?<\/li>\n<li>Les chirurgiens sont-ils soumis \u00e0 des tests de d\u00e9pistage de la consommation de drogues et d&#8217;alcool?<\/li>\n<li>Que se passe-t-il si un chirurgien commet une erreur?<\/li>\n<\/ul>\n<p>Certains diront que les chirurgiens sont aussi peu \u00e9motifs ou empathiques. Le Dr Brutus, \u00e9minent chirurgien plasticien sp\u00e9cialis\u00e9 dans la chirurgie mini-invasive de la main, remet en cause cette id\u00e9e et montre l&#8217;humanit\u00e9 qui se cache derri\u00e8re le masque.<\/p>","protected":false},"excerpt":{"rendered":"<p>Pour la plupart des gens, se faire op\u00e9rer est une exp\u00e9rience d\u00e9routante, inconfortable, voire effrayante. Dans Secrets et mensonges du bloc op\u00e9ratoire, le Dr Jean-Paul Brutus fait la part des choses et vous dit tout ce que vous devez savoir sur le monde des chirurgiens.<\/p>\n<p id='amazon-only' data-url=\"https:\/\/www.amazon.ca\/Secrets-mensonges-salle-dop%C3%A9ration-chirurgiens\/dp\/1777536138\/\">Disponible sur Amazon<\/p>","protected":false},"featured_media":210876,"template":"","meta":{"_acf_changed":false},"product_cat":[94],"product_tag":[106,92],"class_list":{"0":"post-210993","1":"product","2":"type-product","3":"status-publish","4":"has-post-thumbnail","6":"wc_square_synced-yes","7":"product_cat-books","8":"product_tag-fr","9":"product_tag-trending","11":"first","12":"instock","13":"taxable","14":"shipping-taxable","15":"purchasable","16":"product-type-simple"},"acf":[],"yoast_head":"<!-- This site is optimized with the Yoast SEO plugin v22.3 - https:\/\/yoast.com\/wordpress\/plugins\/seo\/ -->\n<title>Secrets et mensonges de la salle d&#039;op\u00e9ration - Dr Brutus<\/title>\n<meta name=\"description\" content=\"Dans Secrets et Mensonges de la Salle d&#039;Op\u00e9ration, le Dr Brutus s\u00e9pare le vrai du faux et vous dit tout ce que vous devez savoir sur le monde des chirurgiens.\" \/>\n<meta name=\"robots\" content=\"index, follow, max-snippet:-1, max-image-preview:large, max-video-preview:-1\" \/>\n<link rel=\"canonical\" href=\"https:\/\/www.drbrutus.com\/fr\/produit\/secrets-et-mensonges-de-la-salle-doperation\/\" \/>\n<meta property=\"og:locale\" content=\"fr_CA\" \/>\n<meta property=\"og:type\" content=\"article\" \/>\n<meta property=\"og:title\" content=\"Secrets et mensonges de la salle d&#039;op\u00e9ration - Dr Brutus\" \/>\n<meta property=\"og:description\" content=\"Dans Secrets et Mensonges de la Salle d&#039;Op\u00e9ration, le Dr Brutus s\u00e9pare le vrai du faux et vous dit tout ce que vous devez savoir sur le monde des chirurgiens.\" \/>\n<meta property=\"og:url\" content=\"https:\/\/www.drbrutus.com\/fr\/produit\/secrets-et-mensonges-de-la-salle-doperation\/\" \/>\n<meta property=\"og:site_name\" content=\"Dr. Brutus\" \/>\n<meta property=\"article:modified_time\" content=\"2026-01-14T15:50:20+00:00\" \/>\n<meta property=\"og:image\" content=\"https:\/\/www.drbrutus.com\/wp-content\/uploads\/2023\/10\/Capture-decran-le-2023-10-06-a-10.14.54.png\" \/>\n\t<meta property=\"og:image:width\" content=\"1198\" \/>\n\t<meta property=\"og:image:height\" content=\"990\" \/>\n\t<meta property=\"og:image:type\" content=\"image\/png\" \/>\n<meta name=\"twitter:card\" content=\"summary_large_image\" \/>\n<meta name=\"twitter:label1\" content=\"Estimation du temps de lecture\" \/>\n\t<meta name=\"twitter:data1\" content=\"1 minute\" \/>\n<script type=\"application\/ld+json\" class=\"yoast-schema-graph\">{\"@context\":\"https:\/\/schema.org\",\"@graph\":[{\"@type\":\"WebPage\",\"@id\":\"https:\/\/www.drbrutus.com\/product\/secrets-et-mensonges-de-la-salle-doperation\/\",\"url\":\"https:\/\/www.drbrutus.com\/product\/secrets-et-mensonges-de-la-salle-doperation\/\",\"name\":\"Secrets et mensonges de la salle d'op\u00e9ration - Dr Brutus\",\"isPartOf\":{\"@id\":\"https:\/\/www.drbrutus.com\/fr\/#website\"},\"primaryImageOfPage\":{\"@id\":\"https:\/\/www.drbrutus.com\/product\/secrets-et-mensonges-de-la-salle-doperation\/#primaryimage\"},\"image\":{\"@id\":\"https:\/\/www.drbrutus.com\/product\/secrets-et-mensonges-de-la-salle-doperation\/#primaryimage\"},\"thumbnailUrl\":\"https:\/\/www.drbrutus.com\/wp-content\/uploads\/2023\/10\/Capture-decran-le-2023-10-06-a-10.14.54.png\",\"datePublished\":\"2023-10-16T19:17:22+00:00\",\"dateModified\":\"2026-01-14T15:50:20+00:00\",\"description\":\"Dans Secrets et Mensonges de la Salle d'Op\u00e9ration, le Dr Brutus s\u00e9pare le vrai du faux et vous dit tout ce que vous devez savoir sur le monde des chirurgiens.\",\"breadcrumb\":{\"@id\":\"https:\/\/www.drbrutus.com\/product\/secrets-et-mensonges-de-la-salle-doperation\/#breadcrumb\"},\"inLanguage\":\"fr-CA\",\"potentialAction\":[{\"@type\":\"ReadAction\",\"target\":[\"https:\/\/www.drbrutus.com\/product\/secrets-et-mensonges-de-la-salle-doperation\/\"]}]},{\"@type\":\"ImageObject\",\"inLanguage\":\"fr-CA\",\"@id\":\"https:\/\/www.drbrutus.com\/product\/secrets-et-mensonges-de-la-salle-doperation\/#primaryimage\",\"url\":\"https:\/\/www.drbrutus.com\/wp-content\/uploads\/2023\/10\/Capture-decran-le-2023-10-06-a-10.14.54.png\",\"contentUrl\":\"https:\/\/www.drbrutus.com\/wp-content\/uploads\/2023\/10\/Capture-decran-le-2023-10-06-a-10.14.54.png\",\"width\":1198,\"height\":990},{\"@type\":\"BreadcrumbList\",\"@id\":\"https:\/\/www.drbrutus.com\/product\/secrets-et-mensonges-de-la-salle-doperation\/#breadcrumb\",\"itemListElement\":[{\"@type\":\"ListItem\",\"position\":1,\"name\":\"Home\",\"item\":\"https:\/\/www.drbrutus.com\/\"},{\"@type\":\"ListItem\",\"position\":2,\"name\":\"Shop\",\"item\":\"https:\/\/www.drbrutus.com\/shop\/\"},{\"@type\":\"ListItem\",\"position\":3,\"name\":\"Secrets et mensonges de la salle d&#8217;op\u00e9ration\"}]},{\"@type\":\"WebSite\",\"@id\":\"https:\/\/www.drbrutus.com\/fr\/#website\",\"url\":\"https:\/\/www.drbrutus.com\/fr\/\",\"name\":\"Dr. Brutus\",\"description\":\"Your hand expert\",\"potentialAction\":[{\"@type\":\"SearchAction\",\"target\":{\"@type\":\"EntryPoint\",\"urlTemplate\":\"https:\/\/www.drbrutus.com\/fr\/?s={search_term_string}\"},\"query-input\":\"required name=search_term_string\"}],\"inLanguage\":\"fr-CA\"}]}<\/script>\n<!-- \/ Yoast SEO plugin. -->","yoast_head_json":{"title":"Secrets et mensonges de la salle d'op\u00e9ration - Dr Brutus","description":"Dans Secrets et Mensonges de la Salle d'Op\u00e9ration, le Dr Brutus s\u00e9pare le vrai du faux et vous dit tout ce que vous devez savoir sur le monde des chirurgiens.","robots":{"index":"index","follow":"follow","max-snippet":"max-snippet:-1","max-image-preview":"max-image-preview:large","max-video-preview":"max-video-preview:-1"},"canonical":"https:\/\/www.drbrutus.com\/fr\/produit\/secrets-et-mensonges-de-la-salle-doperation\/","og_locale":"fr_CA","og_type":"article","og_title":"Secrets et mensonges de la salle d'op\u00e9ration - Dr Brutus","og_description":"Dans Secrets et Mensonges de la Salle d'Op\u00e9ration, le Dr Brutus s\u00e9pare le vrai du faux et vous dit tout ce que vous devez savoir sur le monde des chirurgiens.","og_url":"https:\/\/www.drbrutus.com\/fr\/produit\/secrets-et-mensonges-de-la-salle-doperation\/","og_site_name":"Dr. Brutus","article_modified_time":"2026-01-14T15:50:20+00:00","og_image":[{"width":1198,"height":990,"url":"https:\/\/www.drbrutus.com\/wp-content\/uploads\/2023\/10\/Capture-decran-le-2023-10-06-a-10.14.54.png","type":"image\/png"}],"twitter_card":"summary_large_image","twitter_misc":{"Estimation du temps de lecture":"1 minute"},"schema":{"@context":"https:\/\/schema.org","@graph":[{"@type":"WebPage","@id":"https:\/\/www.drbrutus.com\/product\/secrets-et-mensonges-de-la-salle-doperation\/","url":"https:\/\/www.drbrutus.com\/product\/secrets-et-mensonges-de-la-salle-doperation\/","name":"Secrets et mensonges de la salle d'op\u00e9ration - Dr Brutus","isPartOf":{"@id":"https:\/\/www.drbrutus.com\/fr\/#website"},"primaryImageOfPage":{"@id":"https:\/\/www.drbrutus.com\/product\/secrets-et-mensonges-de-la-salle-doperation\/#primaryimage"},"image":{"@id":"https:\/\/www.drbrutus.com\/product\/secrets-et-mensonges-de-la-salle-doperation\/#primaryimage"},"thumbnailUrl":"https:\/\/www.drbrutus.com\/wp-content\/uploads\/2023\/10\/Capture-decran-le-2023-10-06-a-10.14.54.png","datePublished":"2023-10-16T19:17:22+00:00","dateModified":"2026-01-14T15:50:20+00:00","description":"Dans Secrets et Mensonges de la Salle d'Op\u00e9ration, le Dr Brutus s\u00e9pare le vrai du faux et vous dit tout ce que vous devez savoir sur le monde des chirurgiens.","breadcrumb":{"@id":"https:\/\/www.drbrutus.com\/product\/secrets-et-mensonges-de-la-salle-doperation\/#breadcrumb"},"inLanguage":"fr-CA","potentialAction":[{"@type":"ReadAction","target":["https:\/\/www.drbrutus.com\/product\/secrets-et-mensonges-de-la-salle-doperation\/"]}]},{"@type":"ImageObject","inLanguage":"fr-CA","@id":"https:\/\/www.drbrutus.com\/product\/secrets-et-mensonges-de-la-salle-doperation\/#primaryimage","url":"https:\/\/www.drbrutus.com\/wp-content\/uploads\/2023\/10\/Capture-decran-le-2023-10-06-a-10.14.54.png","contentUrl":"https:\/\/www.drbrutus.com\/wp-content\/uploads\/2023\/10\/Capture-decran-le-2023-10-06-a-10.14.54.png","width":1198,"height":990},{"@type":"BreadcrumbList","@id":"https:\/\/www.drbrutus.com\/product\/secrets-et-mensonges-de-la-salle-doperation\/#breadcrumb","itemListElement":[{"@type":"ListItem","position":1,"name":"Home","item":"https:\/\/www.drbrutus.com\/"},{"@type":"ListItem","position":2,"name":"Shop","item":"https:\/\/www.drbrutus.com\/shop\/"},{"@type":"ListItem","position":3,"name":"Secrets et mensonges de la salle d&#8217;op\u00e9ration"}]},{"@type":"WebSite","@id":"https:\/\/www.drbrutus.com\/fr\/#website","url":"https:\/\/www.drbrutus.com\/fr\/","name":"Dr. Brutus","description":"Your hand expert","potentialAction":[{"@type":"SearchAction","target":{"@type":"EntryPoint","urlTemplate":"https:\/\/www.drbrutus.com\/fr\/?s={search_term_string}"},"query-input":"required name=search_term_string"}],"inLanguage":"fr-CA"}]}},"_links":{"self":[{"href":"https:\/\/www.drbrutus.com\/fr\/wp-json\/wp\/v2\/product\/210993","targetHints":{"allow":["GET"]}}],"collection":[{"href":"https:\/\/www.drbrutus.com\/fr\/wp-json\/wp\/v2\/product"}],"about":[{"href":"https:\/\/www.drbrutus.com\/fr\/wp-json\/wp\/v2\/types\/product"}],"wp:featuredmedia":[{"embeddable":true,"href":"https:\/\/www.drbrutus.com\/fr\/wp-json\/wp\/v2\/media\/210876"}],"wp:attachment":[{"href":"https:\/\/www.drbrutus.com\/fr\/wp-json\/wp\/v2\/media?parent=210993"}],"wp:term":[{"taxonomy":"product_cat","embeddable":true,"href":"https:\/\/www.drbrutus.com\/fr\/wp-json\/wp\/v2\/product_cat?post=210993"},{"taxonomy":"product_tag","embeddable":true,"href":"https:\/\/www.drbrutus.com\/fr\/wp-json\/wp\/v2\/product_tag?post=210993"}],"curies":[{"name":"wp","href":"https:\/\/api.w.org\/{rel}","templated":true}]}}