{"id":210918,"date":"2023-10-06T19:24:44","date_gmt":"2023-10-06T19:24:44","guid":{"rendered":"https:\/\/www.drbrutus.com\/?post_type=product&#038;p=210918"},"modified":"2023-11-11T15:22:35","modified_gmt":"2023-11-11T15:22:35","slug":"soulagez-les-douleurs-de-votre-arthrose-de-la-main-et-de-la-rhizarthrose","status":"publish","type":"product","link":"https:\/\/www.drbrutus.com\/fr\/produit\/soulagez-les-douleurs-de-votre-arthrose-de-la-main-et-de-la-rhizarthrose\/","title":{"rendered":"Soulagez vous-m\u00eame votre arthrose de la main et la rhizarthrose"},"content":{"rendered":"<p>Le Dr. Jean-Paul Brutus, Nathalie Brisebois (ergoth\u00e9rapeute) et le Dr. No\u00e9mie V\u00e9zina r\u00e9pondent aux questions les plus courantes sur l&#8217;arthrose de la main et offrent des conseils pour traiter la maladie sans recourir \u00e0 la chirurgie.<\/p>","protected":false},"excerpt":{"rendered":"<p>Guide essentiel d&#8217;une r\u00e9cup\u00e9ration rapide!<\/p>","protected":false},"featured_media":360,"template":"","meta":{"_acf_changed":false},"product_cat":[95],"product_tag":[106,97],"class_list":{"0":"post-210918","1":"product","2":"type-product","3":"status-publish","4":"has-post-thumbnail","6":"wc_square_synced-yes","7":"product_cat-ebooks","8":"product_tag-fr","9":"product_tag-hands","11":"first","12":"instock","13":"downloadable","14":"virtual","15":"taxable","16":"purchasable","17":"product-type-simple"},"acf":[],"yoast_head":"<!-- This site is optimized with the Yoast SEO plugin v22.3 - https:\/\/yoast.com\/wordpress\/plugins\/seo\/ -->\n<title>Soulagez vous-m\u00eame votre arthrose de la main et la rhizarthrose - Dr Brutus<\/title>\n<meta name=\"description\" content=\"Des experts r\u00e9pondent aux questions courantes sur l&#039;arthrose de la main et proposent des conseils pour traiter la maladie sans chirurgie.\" \/>\n<meta name=\"robots\" content=\"index, follow, max-snippet:-1, max-image-preview:large, max-video-preview:-1\" \/>\n<link rel=\"canonical\" href=\"https:\/\/www.drbrutus.com\/fr\/produit\/soulagez-les-douleurs-de-votre-arthrose-de-la-main-et-de-la-rhizarthrose\/\" \/>\n<meta property=\"og:locale\" content=\"fr_CA\" \/>\n<meta property=\"og:type\" content=\"article\" \/>\n<meta property=\"og:title\" content=\"Soulagez vous-m\u00eame votre arthrose de la main et la rhizarthrose - Dr Brutus\" \/>\n<meta property=\"og:description\" content=\"Des experts r\u00e9pondent aux questions courantes sur l&#039;arthrose de la main et proposent des conseils pour traiter la maladie sans chirurgie.\" \/>\n<meta property=\"og:url\" content=\"https:\/\/www.drbrutus.com\/fr\/produit\/soulagez-les-douleurs-de-votre-arthrose-de-la-main-et-de-la-rhizarthrose\/\" \/>\n<meta property=\"og:site_name\" content=\"Dr. Brutus\" \/>\n<meta property=\"article:modified_time\" content=\"2023-11-11T15:22:35+00:00\" \/>\n<meta property=\"og:image\" content=\"https:\/\/www.drbrutus.com\/wp-content\/uploads\/2023\/06\/Rhizarthrose-1024x1024.png\" \/>\n\t<meta property=\"og:image:width\" content=\"1024\" \/>\n\t<meta property=\"og:image:height\" content=\"1024\" \/>\n\t<meta property=\"og:image:type\" content=\"image\/png\" \/>\n<meta name=\"twitter:card\" content=\"summary_large_image\" \/>\n<meta name=\"twitter:label1\" content=\"Estimation du temps de lecture\" \/>\n\t<meta name=\"twitter:data1\" content=\"1 minute\" \/>\n<script type=\"application\/ld+json\" class=\"yoast-schema-graph\">{\"@context\":\"https:\/\/schema.org\",\"@graph\":[{\"@type\":\"WebPage\",\"@id\":\"https:\/\/www.drbrutus.com\/product\/soulagez-les-douleurs-de-votre-arthrose-de-la-main-et-de-la-rhizarthrose\/\",\"url\":\"https:\/\/www.drbrutus.com\/product\/soulagez-les-douleurs-de-votre-arthrose-de-la-main-et-de-la-rhizarthrose\/\",\"name\":\"Soulagez vous-m\u00eame votre arthrose de la main et la rhizarthrose - Dr Brutus\",\"isPartOf\":{\"@id\":\"https:\/\/www.drbrutus.com\/fr\/#website\"},\"primaryImageOfPage\":{\"@id\":\"https:\/\/www.drbrutus.com\/product\/soulagez-les-douleurs-de-votre-arthrose-de-la-main-et-de-la-rhizarthrose\/#primaryimage\"},\"image\":{\"@id\":\"https:\/\/www.drbrutus.com\/product\/soulagez-les-douleurs-de-votre-arthrose-de-la-main-et-de-la-rhizarthrose\/#primaryimage\"},\"thumbnailUrl\":\"https:\/\/www.drbrutus.com\/wp-content\/uploads\/2023\/06\/Rhizarthrose.png\",\"datePublished\":\"2023-10-06T19:24:44+00:00\",\"dateModified\":\"2023-11-11T15:22:35+00:00\",\"description\":\"Des experts r\u00e9pondent aux questions courantes sur l'arthrose de la main et proposent des conseils pour traiter la maladie sans chirurgie.\",\"breadcrumb\":{\"@id\":\"https:\/\/www.drbrutus.com\/product\/soulagez-les-douleurs-de-votre-arthrose-de-la-main-et-de-la-rhizarthrose\/#breadcrumb\"},\"inLanguage\":\"fr-CA\",\"potentialAction\":[{\"@type\":\"ReadAction\",\"target\":[\"https:\/\/www.drbrutus.com\/product\/soulagez-les-douleurs-de-votre-arthrose-de-la-main-et-de-la-rhizarthrose\/\"]}]},{\"@type\":\"ImageObject\",\"inLanguage\":\"fr-CA\",\"@id\":\"https:\/\/www.drbrutus.com\/product\/soulagez-les-douleurs-de-votre-arthrose-de-la-main-et-de-la-rhizarthrose\/#primaryimage\",\"url\":\"https:\/\/www.drbrutus.com\/wp-content\/uploads\/2023\/06\/Rhizarthrose.png\",\"contentUrl\":\"https:\/\/www.drbrutus.com\/wp-content\/uploads\/2023\/06\/Rhizarthrose.png\",\"width\":2500,\"height\":2500},{\"@type\":\"BreadcrumbList\",\"@id\":\"https:\/\/www.drbrutus.com\/product\/soulagez-les-douleurs-de-votre-arthrose-de-la-main-et-de-la-rhizarthrose\/#breadcrumb\",\"itemListElement\":[{\"@type\":\"ListItem\",\"position\":1,\"name\":\"Home\",\"item\":\"https:\/\/www.drbrutus.com\/\"},{\"@type\":\"ListItem\",\"position\":2,\"name\":\"Shop\",\"item\":\"https:\/\/www.drbrutus.com\/shop\/\"},{\"@type\":\"ListItem\",\"position\":3,\"name\":\"Soulagez vous-m\u00eame votre arthrose de la main et la rhizarthrose\"}]},{\"@type\":\"WebSite\",\"@id\":\"https:\/\/www.drbrutus.com\/fr\/#website\",\"url\":\"https:\/\/www.drbrutus.com\/fr\/\",\"name\":\"Dr. Brutus\",\"description\":\"Your hand expert\",\"potentialAction\":[{\"@type\":\"SearchAction\",\"target\":{\"@type\":\"EntryPoint\",\"urlTemplate\":\"https:\/\/www.drbrutus.com\/fr\/?s={search_term_string}\"},\"query-input\":\"required name=search_term_string\"}],\"inLanguage\":\"fr-CA\"}]}<\/script>\n<!-- \/ Yoast SEO plugin. -->","yoast_head_json":{"title":"Soulagez vous-m\u00eame votre arthrose de la main et la rhizarthrose - Dr Brutus","description":"Des experts r\u00e9pondent aux questions courantes sur l'arthrose de la main et proposent des conseils pour traiter la maladie sans chirurgie.","robots":{"index":"index","follow":"follow","max-snippet":"max-snippet:-1","max-image-preview":"max-image-preview:large","max-video-preview":"max-video-preview:-1"},"canonical":"https:\/\/www.drbrutus.com\/fr\/produit\/soulagez-les-douleurs-de-votre-arthrose-de-la-main-et-de-la-rhizarthrose\/","og_locale":"fr_CA","og_type":"article","og_title":"Soulagez vous-m\u00eame votre arthrose de la main et la rhizarthrose - Dr Brutus","og_description":"Des experts r\u00e9pondent aux questions courantes sur l'arthrose de la main et proposent des conseils pour traiter la maladie sans chirurgie.","og_url":"https:\/\/www.drbrutus.com\/fr\/produit\/soulagez-les-douleurs-de-votre-arthrose-de-la-main-et-de-la-rhizarthrose\/","og_site_name":"Dr. Brutus","article_modified_time":"2023-11-11T15:22:35+00:00","og_image":[{"width":1024,"height":1024,"url":"https:\/\/www.drbrutus.com\/wp-content\/uploads\/2023\/06\/Rhizarthrose-1024x1024.png","type":"image\/png"}],"twitter_card":"summary_large_image","twitter_misc":{"Estimation du temps de lecture":"1 minute"},"schema":{"@context":"https:\/\/schema.org","@graph":[{"@type":"WebPage","@id":"https:\/\/www.drbrutus.com\/product\/soulagez-les-douleurs-de-votre-arthrose-de-la-main-et-de-la-rhizarthrose\/","url":"https:\/\/www.drbrutus.com\/product\/soulagez-les-douleurs-de-votre-arthrose-de-la-main-et-de-la-rhizarthrose\/","name":"Soulagez vous-m\u00eame votre arthrose de la main et la rhizarthrose - Dr Brutus","isPartOf":{"@id":"https:\/\/www.drbrutus.com\/fr\/#website"},"primaryImageOfPage":{"@id":"https:\/\/www.drbrutus.com\/product\/soulagez-les-douleurs-de-votre-arthrose-de-la-main-et-de-la-rhizarthrose\/#primaryimage"},"image":{"@id":"https:\/\/www.drbrutus.com\/product\/soulagez-les-douleurs-de-votre-arthrose-de-la-main-et-de-la-rhizarthrose\/#primaryimage"},"thumbnailUrl":"https:\/\/www.drbrutus.com\/wp-content\/uploads\/2023\/06\/Rhizarthrose.png","datePublished":"2023-10-06T19:24:44+00:00","dateModified":"2023-11-11T15:22:35+00:00","description":"Des experts r\u00e9pondent aux questions courantes sur l'arthrose de la main et proposent des conseils pour traiter la maladie sans chirurgie.","breadcrumb":{"@id":"https:\/\/www.drbrutus.com\/product\/soulagez-les-douleurs-de-votre-arthrose-de-la-main-et-de-la-rhizarthrose\/#breadcrumb"},"inLanguage":"fr-CA","potentialAction":[{"@type":"ReadAction","target":["https:\/\/www.drbrutus.com\/product\/soulagez-les-douleurs-de-votre-arthrose-de-la-main-et-de-la-rhizarthrose\/"]}]},{"@type":"ImageObject","inLanguage":"fr-CA","@id":"https:\/\/www.drbrutus.com\/product\/soulagez-les-douleurs-de-votre-arthrose-de-la-main-et-de-la-rhizarthrose\/#primaryimage","url":"https:\/\/www.drbrutus.com\/wp-content\/uploads\/2023\/06\/Rhizarthrose.png","contentUrl":"https:\/\/www.drbrutus.com\/wp-content\/uploads\/2023\/06\/Rhizarthrose.png","width":2500,"height":2500},{"@type":"BreadcrumbList","@id":"https:\/\/www.drbrutus.com\/product\/soulagez-les-douleurs-de-votre-arthrose-de-la-main-et-de-la-rhizarthrose\/#breadcrumb","itemListElement":[{"@type":"ListItem","position":1,"name":"Home","item":"https:\/\/www.drbrutus.com\/"},{"@type":"ListItem","position":2,"name":"Shop","item":"https:\/\/www.drbrutus.com\/shop\/"},{"@type":"ListItem","position":3,"name":"Soulagez vous-m\u00eame votre arthrose de la main et la rhizarthrose"}]},{"@type":"WebSite","@id":"https:\/\/www.drbrutus.com\/fr\/#website","url":"https:\/\/www.drbrutus.com\/fr\/","name":"Dr. Brutus","description":"Your hand expert","potentialAction":[{"@type":"SearchAction","target":{"@type":"EntryPoint","urlTemplate":"https:\/\/www.drbrutus.com\/fr\/?s={search_term_string}"},"query-input":"required name=search_term_string"}],"inLanguage":"fr-CA"}]}},"_links":{"self":[{"href":"https:\/\/www.drbrutus.com\/fr\/wp-json\/wp\/v2\/product\/210918","targetHints":{"allow":["GET"]}}],"collection":[{"href":"https:\/\/www.drbrutus.com\/fr\/wp-json\/wp\/v2\/product"}],"about":[{"href":"https:\/\/www.drbrutus.com\/fr\/wp-json\/wp\/v2\/types\/product"}],"wp:featuredmedia":[{"embeddable":true,"href":"https:\/\/www.drbrutus.com\/fr\/wp-json\/wp\/v2\/media\/360"}],"wp:attachment":[{"href":"https:\/\/www.drbrutus.com\/fr\/wp-json\/wp\/v2\/media?parent=210918"}],"wp:term":[{"taxonomy":"product_cat","embeddable":true,"href":"https:\/\/www.drbrutus.com\/fr\/wp-json\/wp\/v2\/product_cat?post=210918"},{"taxonomy":"product_tag","embeddable":true,"href":"https:\/\/www.drbrutus.com\/fr\/wp-json\/wp\/v2\/product_tag?post=210918"}],"curies":[{"name":"wp","href":"https:\/\/api.w.org\/{rel}","templated":true}]}}