{"id":210870,"date":"2023-10-06T14:12:39","date_gmt":"2023-10-06T14:12:39","guid":{"rendered":"https:\/\/www.drbrutus.com\/?post_type=product&#038;p=210870"},"modified":"2023-11-11T16:28:10","modified_gmt":"2023-11-11T16:28:10","slug":"self-help-book-for-dupuytrens-contracture-the-essential-guide-to-a-quick-recovery","status":"publish","type":"product","link":"https:\/\/www.drbrutus.com\/fr\/produit\/self-help-book-for-dupuytrens-contracture-the-essential-guide-to-a-quick-recovery\/","title":{"rendered":"Guide pratique pour soulager vous-m\u00eame la maladie de Dupuytren"},"content":{"rendered":"<p>Le Dr. Jean-Paul Brutus et Nathalie Brisebois (ergoth\u00e9rapeute) r\u00e9pondent aux questions les plus fr\u00e9quemment pos\u00e9es sur la contracture de Dupuytren et donnent des conseils pour traiter la maladie sans recourir \u00e0 la chirurgie.<\/p>","protected":false},"excerpt":{"rendered":"<p>Guide essentiel d\u2019une r\u00e9cup\u00e9ration rapide!<\/p>","protected":false},"featured_media":279,"template":"","meta":{"_acf_changed":false},"product_cat":[95],"product_tag":[107,97,92],"class_list":{"0":"post-210870","1":"product","2":"type-product","3":"status-publish","4":"has-post-thumbnail","6":"wc_square_synced-yes","7":"product_cat-ebooks","8":"product_tag-en","9":"product_tag-hands","10":"product_tag-trending","12":"first","13":"instock","14":"downloadable","15":"virtual","16":"taxable","17":"purchasable","18":"product-type-simple"},"acf":[],"yoast_head":"<!-- This site is optimized with the Yoast SEO plugin v22.3 - https:\/\/yoast.com\/wordpress\/plugins\/seo\/ -->\n<title>Self-Help Book for Dupuytren\u2019s Contracture - Dr. Brutus<\/title>\n<meta name=\"description\" content=\"Experts address the most frequently asked questions about Dupuytren&#039;s contracture and provide advice on treating the condition without resorting to surgery.\" \/>\n<meta name=\"robots\" content=\"index, follow, max-snippet:-1, max-image-preview:large, max-video-preview:-1\" \/>\n<link rel=\"canonical\" href=\"https:\/\/www.drbrutus.com\/fr\/produit\/self-help-book-for-dupuytrens-contracture-the-essential-guide-to-a-quick-recovery\/\" \/>\n<meta property=\"og:locale\" content=\"fr_CA\" \/>\n<meta property=\"og:type\" content=\"article\" \/>\n<meta property=\"og:title\" content=\"Self-Help Book for Dupuytren\u2019s Contracture - Dr. Brutus\" \/>\n<meta property=\"og:description\" content=\"Experts address the most frequently asked questions about Dupuytren&#039;s contracture and provide advice on treating the condition without resorting to surgery.\" \/>\n<meta property=\"og:url\" content=\"https:\/\/www.drbrutus.com\/fr\/produit\/self-help-book-for-dupuytrens-contracture-the-essential-guide-to-a-quick-recovery\/\" \/>\n<meta property=\"og:site_name\" content=\"Dr. Brutus\" \/>\n<meta property=\"article:modified_time\" content=\"2023-11-11T16:28:10+00:00\" \/>\n<meta property=\"og:image\" content=\"https:\/\/www.drbrutus.com\/wp-content\/uploads\/2023\/06\/Dupuytrens-Disease-1024x1024.png\" \/>\n\t<meta property=\"og:image:width\" content=\"1024\" \/>\n\t<meta property=\"og:image:height\" content=\"1024\" \/>\n\t<meta property=\"og:image:type\" content=\"image\/png\" \/>\n<meta name=\"twitter:card\" content=\"summary_large_image\" \/>\n<meta name=\"twitter:label1\" content=\"Estimation du temps de lecture\" \/>\n\t<meta name=\"twitter:data1\" content=\"1 minute\" \/>\n<script type=\"application\/ld+json\" class=\"yoast-schema-graph\">{\"@context\":\"https:\/\/schema.org\",\"@graph\":[{\"@type\":\"WebPage\",\"@id\":\"https:\/\/www.drbrutus.com\/product\/self-help-book-for-dupuytrens-contracture-the-essential-guide-to-a-quick-recovery\/\",\"url\":\"https:\/\/www.drbrutus.com\/product\/self-help-book-for-dupuytrens-contracture-the-essential-guide-to-a-quick-recovery\/\",\"name\":\"Self-Help Book for Dupuytren\u2019s Contracture - Dr. Brutus\",\"isPartOf\":{\"@id\":\"https:\/\/www.drbrutus.com\/fr\/#website\"},\"primaryImageOfPage\":{\"@id\":\"https:\/\/www.drbrutus.com\/product\/self-help-book-for-dupuytrens-contracture-the-essential-guide-to-a-quick-recovery\/#primaryimage\"},\"image\":{\"@id\":\"https:\/\/www.drbrutus.com\/product\/self-help-book-for-dupuytrens-contracture-the-essential-guide-to-a-quick-recovery\/#primaryimage\"},\"thumbnailUrl\":\"https:\/\/www.drbrutus.com\/wp-content\/uploads\/2023\/06\/Dupuytrens-Disease.png\",\"datePublished\":\"2023-10-06T14:12:39+00:00\",\"dateModified\":\"2023-11-11T16:28:10+00:00\",\"description\":\"Experts address the most frequently asked questions about Dupuytren's contracture and provide advice on treating the condition without resorting to surgery.\",\"breadcrumb\":{\"@id\":\"https:\/\/www.drbrutus.com\/product\/self-help-book-for-dupuytrens-contracture-the-essential-guide-to-a-quick-recovery\/#breadcrumb\"},\"inLanguage\":\"fr-CA\",\"potentialAction\":[{\"@type\":\"ReadAction\",\"target\":[\"https:\/\/www.drbrutus.com\/product\/self-help-book-for-dupuytrens-contracture-the-essential-guide-to-a-quick-recovery\/\"]}]},{\"@type\":\"ImageObject\",\"inLanguage\":\"fr-CA\",\"@id\":\"https:\/\/www.drbrutus.com\/product\/self-help-book-for-dupuytrens-contracture-the-essential-guide-to-a-quick-recovery\/#primaryimage\",\"url\":\"https:\/\/www.drbrutus.com\/wp-content\/uploads\/2023\/06\/Dupuytrens-Disease.png\",\"contentUrl\":\"https:\/\/www.drbrutus.com\/wp-content\/uploads\/2023\/06\/Dupuytrens-Disease.png\",\"width\":2500,\"height\":2500,\"caption\":\"dupuytren book\"},{\"@type\":\"BreadcrumbList\",\"@id\":\"https:\/\/www.drbrutus.com\/product\/self-help-book-for-dupuytrens-contracture-the-essential-guide-to-a-quick-recovery\/#breadcrumb\",\"itemListElement\":[{\"@type\":\"ListItem\",\"position\":1,\"name\":\"Home\",\"item\":\"https:\/\/www.drbrutus.com\/\"},{\"@type\":\"ListItem\",\"position\":2,\"name\":\"Shop\",\"item\":\"https:\/\/www.drbrutus.com\/shop\/\"},{\"@type\":\"ListItem\",\"position\":3,\"name\":\"Self-Help Book for Dupuytren\u2019s Contracture\"}]},{\"@type\":\"WebSite\",\"@id\":\"https:\/\/www.drbrutus.com\/fr\/#website\",\"url\":\"https:\/\/www.drbrutus.com\/fr\/\",\"name\":\"Dr. Brutus\",\"description\":\"Your hand expert\",\"potentialAction\":[{\"@type\":\"SearchAction\",\"target\":{\"@type\":\"EntryPoint\",\"urlTemplate\":\"https:\/\/www.drbrutus.com\/fr\/?s={search_term_string}\"},\"query-input\":\"required name=search_term_string\"}],\"inLanguage\":\"fr-CA\"}]}<\/script>\n<!-- \/ Yoast SEO plugin. -->","yoast_head_json":{"title":"Self-Help Book for Dupuytren\u2019s Contracture - Dr. Brutus","description":"Experts address the most frequently asked questions about Dupuytren's contracture and provide advice on treating the condition without resorting to surgery.","robots":{"index":"index","follow":"follow","max-snippet":"max-snippet:-1","max-image-preview":"max-image-preview:large","max-video-preview":"max-video-preview:-1"},"canonical":"https:\/\/www.drbrutus.com\/fr\/produit\/self-help-book-for-dupuytrens-contracture-the-essential-guide-to-a-quick-recovery\/","og_locale":"fr_CA","og_type":"article","og_title":"Self-Help Book for Dupuytren\u2019s Contracture - Dr. Brutus","og_description":"Experts address the most frequently asked questions about Dupuytren's contracture and provide advice on treating the condition without resorting to surgery.","og_url":"https:\/\/www.drbrutus.com\/fr\/produit\/self-help-book-for-dupuytrens-contracture-the-essential-guide-to-a-quick-recovery\/","og_site_name":"Dr. Brutus","article_modified_time":"2023-11-11T16:28:10+00:00","og_image":[{"width":1024,"height":1024,"url":"https:\/\/www.drbrutus.com\/wp-content\/uploads\/2023\/06\/Dupuytrens-Disease-1024x1024.png","type":"image\/png"}],"twitter_card":"summary_large_image","twitter_misc":{"Estimation du temps de lecture":"1 minute"},"schema":{"@context":"https:\/\/schema.org","@graph":[{"@type":"WebPage","@id":"https:\/\/www.drbrutus.com\/product\/self-help-book-for-dupuytrens-contracture-the-essential-guide-to-a-quick-recovery\/","url":"https:\/\/www.drbrutus.com\/product\/self-help-book-for-dupuytrens-contracture-the-essential-guide-to-a-quick-recovery\/","name":"Self-Help Book for Dupuytren\u2019s Contracture - Dr. Brutus","isPartOf":{"@id":"https:\/\/www.drbrutus.com\/fr\/#website"},"primaryImageOfPage":{"@id":"https:\/\/www.drbrutus.com\/product\/self-help-book-for-dupuytrens-contracture-the-essential-guide-to-a-quick-recovery\/#primaryimage"},"image":{"@id":"https:\/\/www.drbrutus.com\/product\/self-help-book-for-dupuytrens-contracture-the-essential-guide-to-a-quick-recovery\/#primaryimage"},"thumbnailUrl":"https:\/\/www.drbrutus.com\/wp-content\/uploads\/2023\/06\/Dupuytrens-Disease.png","datePublished":"2023-10-06T14:12:39+00:00","dateModified":"2023-11-11T16:28:10+00:00","description":"Experts address the most frequently asked questions about Dupuytren's contracture and provide advice on treating the condition without resorting to surgery.","breadcrumb":{"@id":"https:\/\/www.drbrutus.com\/product\/self-help-book-for-dupuytrens-contracture-the-essential-guide-to-a-quick-recovery\/#breadcrumb"},"inLanguage":"fr-CA","potentialAction":[{"@type":"ReadAction","target":["https:\/\/www.drbrutus.com\/product\/self-help-book-for-dupuytrens-contracture-the-essential-guide-to-a-quick-recovery\/"]}]},{"@type":"ImageObject","inLanguage":"fr-CA","@id":"https:\/\/www.drbrutus.com\/product\/self-help-book-for-dupuytrens-contracture-the-essential-guide-to-a-quick-recovery\/#primaryimage","url":"https:\/\/www.drbrutus.com\/wp-content\/uploads\/2023\/06\/Dupuytrens-Disease.png","contentUrl":"https:\/\/www.drbrutus.com\/wp-content\/uploads\/2023\/06\/Dupuytrens-Disease.png","width":2500,"height":2500,"caption":"dupuytren book"},{"@type":"BreadcrumbList","@id":"https:\/\/www.drbrutus.com\/product\/self-help-book-for-dupuytrens-contracture-the-essential-guide-to-a-quick-recovery\/#breadcrumb","itemListElement":[{"@type":"ListItem","position":1,"name":"Home","item":"https:\/\/www.drbrutus.com\/"},{"@type":"ListItem","position":2,"name":"Shop","item":"https:\/\/www.drbrutus.com\/shop\/"},{"@type":"ListItem","position":3,"name":"Self-Help Book for Dupuytren\u2019s Contracture"}]},{"@type":"WebSite","@id":"https:\/\/www.drbrutus.com\/fr\/#website","url":"https:\/\/www.drbrutus.com\/fr\/","name":"Dr. Brutus","description":"Your hand expert","potentialAction":[{"@type":"SearchAction","target":{"@type":"EntryPoint","urlTemplate":"https:\/\/www.drbrutus.com\/fr\/?s={search_term_string}"},"query-input":"required name=search_term_string"}],"inLanguage":"fr-CA"}]}},"_links":{"self":[{"href":"https:\/\/www.drbrutus.com\/fr\/wp-json\/wp\/v2\/product\/210870","targetHints":{"allow":["GET"]}}],"collection":[{"href":"https:\/\/www.drbrutus.com\/fr\/wp-json\/wp\/v2\/product"}],"about":[{"href":"https:\/\/www.drbrutus.com\/fr\/wp-json\/wp\/v2\/types\/product"}],"wp:featuredmedia":[{"embeddable":true,"href":"https:\/\/www.drbrutus.com\/fr\/wp-json\/wp\/v2\/media\/279"}],"wp:attachment":[{"href":"https:\/\/www.drbrutus.com\/fr\/wp-json\/wp\/v2\/media?parent=210870"}],"wp:term":[{"taxonomy":"product_cat","embeddable":true,"href":"https:\/\/www.drbrutus.com\/fr\/wp-json\/wp\/v2\/product_cat?post=210870"},{"taxonomy":"product_tag","embeddable":true,"href":"https:\/\/www.drbrutus.com\/fr\/wp-json\/wp\/v2\/product_tag?post=210870"}],"curies":[{"name":"wp","href":"https:\/\/api.w.org\/{rel}","templated":true}]}}