{"id":189,"date":"2023-06-17T21:39:01","date_gmt":"2023-06-17T21:39:01","guid":{"rendered":"https:\/\/www.drbrutus.com\/?page_id=189"},"modified":"2023-07-18T13:31:04","modified_gmt":"2023-07-18T13:31:04","slug":"why-choose-dr-brutus","status":"publish","type":"page","link":"https:\/\/www.drbrutus.com\/fr\/pourquoi-choisir-le-dr-brutus\/","title":{"rendered":"why-choose-dr-brutus"},"content":{"rendered":"","protected":false},"excerpt":{"rendered":"","protected":false},"author":1,"featured_media":0,"parent":0,"menu_order":0,"comment_status":"closed","ping_status":"closed","template":"","meta":{"_acf_changed":false,"footnotes":""},"class_list":["post-189","page","type-page","status-publish","hentry"],"acf":[],"yoast_head":"<!-- This site is optimized with the Yoast SEO plugin v22.3 - https:\/\/yoast.com\/wordpress\/plugins\/seo\/ -->\n<title>Why Choose Dr. Brutus | Hand Surgeon in Montreal<\/title>\n<meta name=\"description\" content=\"Vous envisagez une chirurgie de la main ? Le Dr. Jean-Paul Brutus est un chirurgien exp\u00e9riment\u00e9 de Montr\u00e9al ayant r\u00e9alis\u00e9 plus de 10 000 op\u00e9rations.\" \/>\n<meta name=\"robots\" content=\"index, follow, max-snippet:-1, max-image-preview:large, max-video-preview:-1\" \/>\n<link rel=\"canonical\" href=\"https:\/\/www.drbrutus.com\/fr\/pourquoi-choisir-le-dr-brutus\/\" \/>\n<meta property=\"og:locale\" content=\"fr_CA\" \/>\n<meta property=\"og:type\" content=\"article\" \/>\n<meta property=\"og:title\" content=\"Why Choose Dr. Brutus | Hand Surgeon in Montreal\" \/>\n<meta property=\"og:description\" content=\"Vous envisagez une chirurgie de la main ? Le Dr. Jean-Paul Brutus est un chirurgien exp\u00e9riment\u00e9 de Montr\u00e9al ayant r\u00e9alis\u00e9 plus de 10 000 op\u00e9rations.\" \/>\n<meta property=\"og:url\" content=\"https:\/\/www.drbrutus.com\/fr\/pourquoi-choisir-le-dr-brutus\/\" \/>\n<meta property=\"og:site_name\" content=\"Dr. Brutus\" \/>\n<meta property=\"article:modified_time\" content=\"2023-07-18T13:31:04+00:00\" \/>\n<meta name=\"twitter:card\" content=\"summary_large_image\" \/>\n<script type=\"application\/ld+json\" class=\"yoast-schema-graph\">{\"@context\":\"https:\/\/schema.org\",\"@graph\":[{\"@type\":\"WebPage\",\"@id\":\"https:\/\/www.drbrutus.com\/why-choose-dr-brutus\/\",\"url\":\"https:\/\/www.drbrutus.com\/why-choose-dr-brutus\/\",\"name\":\"Why Choose Dr. Brutus | Hand Surgeon in Montreal\",\"isPartOf\":{\"@id\":\"https:\/\/www.drbrutus.com\/fr\/#website\"},\"datePublished\":\"2023-06-17T21:39:01+00:00\",\"dateModified\":\"2023-07-18T13:31:04+00:00\",\"description\":\"Vous envisagez une chirurgie de la main ? Le Dr. Jean-Paul Brutus est un chirurgien exp\u00e9riment\u00e9 de Montr\u00e9al ayant r\u00e9alis\u00e9 plus de 10 000 op\u00e9rations.\",\"breadcrumb\":{\"@id\":\"https:\/\/www.drbrutus.com\/why-choose-dr-brutus\/#breadcrumb\"},\"inLanguage\":\"fr-CA\",\"potentialAction\":[{\"@type\":\"ReadAction\",\"target\":[\"https:\/\/www.drbrutus.com\/why-choose-dr-brutus\/\"]}]},{\"@type\":\"BreadcrumbList\",\"@id\":\"https:\/\/www.drbrutus.com\/why-choose-dr-brutus\/#breadcrumb\",\"itemListElement\":[{\"@type\":\"ListItem\",\"position\":1,\"name\":\"Home\",\"item\":\"https:\/\/www.drbrutus.com\/\"},{\"@type\":\"ListItem\",\"position\":2,\"name\":\"why-choose-dr-brutus\"}]},{\"@type\":\"WebSite\",\"@id\":\"https:\/\/www.drbrutus.com\/fr\/#website\",\"url\":\"https:\/\/www.drbrutus.com\/fr\/\",\"name\":\"Dr. Brutus\",\"description\":\"Your hand expert\",\"potentialAction\":[{\"@type\":\"SearchAction\",\"target\":{\"@type\":\"EntryPoint\",\"urlTemplate\":\"https:\/\/www.drbrutus.com\/fr\/?s={search_term_string}\"},\"query-input\":\"required name=search_term_string\"}],\"inLanguage\":\"fr-CA\"}]}<\/script>\n<!-- \/ Yoast SEO plugin. -->","yoast_head_json":{"title":"Why Choose Dr. Brutus | Hand Surgeon in Montreal","description":"Vous envisagez une chirurgie de la main ? Le Dr. Jean-Paul Brutus est un chirurgien exp\u00e9riment\u00e9 de Montr\u00e9al ayant r\u00e9alis\u00e9 plus de 10 000 op\u00e9rations.","robots":{"index":"index","follow":"follow","max-snippet":"max-snippet:-1","max-image-preview":"max-image-preview:large","max-video-preview":"max-video-preview:-1"},"canonical":"https:\/\/www.drbrutus.com\/fr\/pourquoi-choisir-le-dr-brutus\/","og_locale":"fr_CA","og_type":"article","og_title":"Why Choose Dr. Brutus | Hand Surgeon in Montreal","og_description":"Vous envisagez une chirurgie de la main ? Le Dr. Jean-Paul Brutus est un chirurgien exp\u00e9riment\u00e9 de Montr\u00e9al ayant r\u00e9alis\u00e9 plus de 10 000 op\u00e9rations.","og_url":"https:\/\/www.drbrutus.com\/fr\/pourquoi-choisir-le-dr-brutus\/","og_site_name":"Dr. Brutus","article_modified_time":"2023-07-18T13:31:04+00:00","twitter_card":"summary_large_image","schema":{"@context":"https:\/\/schema.org","@graph":[{"@type":"WebPage","@id":"https:\/\/www.drbrutus.com\/why-choose-dr-brutus\/","url":"https:\/\/www.drbrutus.com\/why-choose-dr-brutus\/","name":"Why Choose Dr. Brutus | Hand Surgeon in Montreal","isPartOf":{"@id":"https:\/\/www.drbrutus.com\/fr\/#website"},"datePublished":"2023-06-17T21:39:01+00:00","dateModified":"2023-07-18T13:31:04+00:00","description":"Vous envisagez une chirurgie de la main ? Le Dr. Jean-Paul Brutus est un chirurgien exp\u00e9riment\u00e9 de Montr\u00e9al ayant r\u00e9alis\u00e9 plus de 10 000 op\u00e9rations.","breadcrumb":{"@id":"https:\/\/www.drbrutus.com\/why-choose-dr-brutus\/#breadcrumb"},"inLanguage":"fr-CA","potentialAction":[{"@type":"ReadAction","target":["https:\/\/www.drbrutus.com\/why-choose-dr-brutus\/"]}]},{"@type":"BreadcrumbList","@id":"https:\/\/www.drbrutus.com\/why-choose-dr-brutus\/#breadcrumb","itemListElement":[{"@type":"ListItem","position":1,"name":"Home","item":"https:\/\/www.drbrutus.com\/"},{"@type":"ListItem","position":2,"name":"why-choose-dr-brutus"}]},{"@type":"WebSite","@id":"https:\/\/www.drbrutus.com\/fr\/#website","url":"https:\/\/www.drbrutus.com\/fr\/","name":"Dr. Brutus","description":"Your hand expert","potentialAction":[{"@type":"SearchAction","target":{"@type":"EntryPoint","urlTemplate":"https:\/\/www.drbrutus.com\/fr\/?s={search_term_string}"},"query-input":"required name=search_term_string"}],"inLanguage":"fr-CA"}]}},"_links":{"self":[{"href":"https:\/\/www.drbrutus.com\/fr\/wp-json\/wp\/v2\/pages\/189","targetHints":{"allow":["GET"]}}],"collection":[{"href":"https:\/\/www.drbrutus.com\/fr\/wp-json\/wp\/v2\/pages"}],"about":[{"href":"https:\/\/www.drbrutus.com\/fr\/wp-json\/wp\/v2\/types\/page"}],"author":[{"embeddable":true,"href":"https:\/\/www.drbrutus.com\/fr\/wp-json\/wp\/v2\/users\/1"}],"replies":[{"embeddable":true,"href":"https:\/\/www.drbrutus.com\/fr\/wp-json\/wp\/v2\/comments?post=189"}],"version-history":[{"count":0,"href":"https:\/\/www.drbrutus.com\/fr\/wp-json\/wp\/v2\/pages\/189\/revisions"}],"wp:attachment":[{"href":"https:\/\/www.drbrutus.com\/fr\/wp-json\/wp\/v2\/media?parent=189"}],"curies":[{"name":"wp","href":"https:\/\/api.w.org\/{rel}","templated":true}]}}